{"id":2882,"date":"2025-12-19T08:52:58","date_gmt":"2025-12-19T07:52:58","guid":{"rendered":"https:\/\/lwowek.franciszkanie.pl\/?page_id=2882"},"modified":"2025-12-19T08:52:58","modified_gmt":"2025-12-19T07:52:58","slug":"2882-2","status":"publish","type":"page","link":"https:\/\/lwowek.franciszkanie.pl\/","title":{"rendered":""},"content":{"rendered":"<div><b>Posadzka ko\u015bcio\u0142a:<\/b><\/div>\n<div><b>Dofinansowano ze \u015brodk\u00f3w Ministra Kultury i Dziedzictwa Narodowego.<\/b><\/div>\n<div><\/div>\n<div><a href=\"https:\/\/lwowek.franciszkanie.pl\/wp-content\/uploads\/2025\/12\/logo_MKiDN.png\"><img loading=\"lazy\" decoding=\"async\" class=\"size-large wp-image-2883 alignleft\" src=\"https:\/\/lwowek.franciszkanie.pl\/wp-content\/uploads\/2025\/12\/logo_MKiDN-1024x288.png\" alt=\"\" width=\"525\" height=\"148\" srcset=\"https:\/\/lwowek.franciszkanie.pl\/wp-content\/uploads\/2025\/12\/logo_MKiDN-1024x288.png 1024w, https:\/\/lwowek.franciszkanie.pl\/wp-content\/uploads\/2025\/12\/logo_MKiDN-300x84.png 300w, https:\/\/lwowek.franciszkanie.pl\/wp-content\/uploads\/2025\/12\/logo_MKiDN-768x216.png 768w, https:\/\/lwowek.franciszkanie.pl\/wp-content\/uploads\/2025\/12\/logo_MKiDN.png 1536w\" sizes=\"auto, (max-width: 525px) 100vw, 525px\" \/><\/a><\/div>\n","protected":false},"excerpt":{"rendered":"<p>Posadzka ko\u015bcio\u0142a: Dofinansowano ze \u015brodk\u00f3w Ministra Kultury i Dziedzictwa Narodowego.<\/p>\n","protected":false},"author":1,"featured_media":0,"parent":0,"menu_order":0,"comment_status":"closed","ping_status":"closed","template":"","meta":{"footnotes":""},"class_list":["post-2882","page","type-page","status-publish","hentry"],"_links":{"self":[{"href":"https:\/\/lwowek.franciszkanie.pl\/index.php?rest_route=\/wp\/v2\/pages\/2882","targetHints":{"allow":["GET"]}}],"collection":[{"href":"https:\/\/lwowek.franciszkanie.pl\/index.php?rest_route=\/wp\/v2\/pages"}],"about":[{"href":"https:\/\/lwowek.franciszkanie.pl\/index.php?rest_route=\/wp\/v2\/types\/page"}],"author":[{"embeddable":true,"href":"https:\/\/lwowek.franciszkanie.pl\/index.php?rest_route=\/wp\/v2\/users\/1"}],"replies":[{"embeddable":true,"href":"https:\/\/lwowek.franciszkanie.pl\/index.php?rest_route=%2Fwp%2Fv2%2Fcomments&post=2882"}],"version-history":[{"count":3,"href":"https:\/\/lwowek.franciszkanie.pl\/index.php?rest_route=\/wp\/v2\/pages\/2882\/revisions"}],"predecessor-version":[{"id":2886,"href":"https:\/\/lwowek.franciszkanie.pl\/index.php?rest_route=\/wp\/v2\/pages\/2882\/revisions\/2886"}],"wp:attachment":[{"href":"https:\/\/lwowek.franciszkanie.pl\/index.php?rest_route=%2Fwp%2Fv2%2Fmedia&parent=2882"}],"curies":[{"name":"wp","href":"https:\/\/api.w.org\/{rel}","templated":true}]}}